{"id":33,"date":"2020-12-08T04:14:02","date_gmt":"2020-12-08T04:14:02","guid":{"rendered":"https:\/\/gaviaspreview.com\/wp\/paroti\/?page_id=33"},"modified":"2023-09-30T14:28:06","modified_gmt":"2023-09-30T12:28:06","slug":"events-page","status":"publish","type":"page","link":"https:\/\/unsourire-ong.com\/index.php\/events-page\/","title":{"rendered":"Events Page"},"content":{"rendered":"\t\t<div data-elementor-type=\"wp-page\" data-elementor-id=\"33\" class=\"elementor elementor-33\">\n\t\t\t\t\t\t<div class=\"elementor-inner\">\n\t\t\t\t<div class=\"elementor-section-wrap\">\n\t\t\t\t\t\t\t\t\t<section class=\"elementor-section elementor-top-section elementor-element elementor-element-138462e elementor-section-boxed elementor-section-height-default elementor-section-height-default\" data-id=\"138462e\" data-element_type=\"section\" data-settings=\"{&quot;background_background&quot;:&quot;slideshow&quot;,&quot;background_slideshow_gallery&quot;:[{&quot;id&quot;:1203,&quot;url&quot;:&quot;https:\\\/\\\/gaviaspreview.com\\\/wp\\\/paroti\\\/wp-content\\\/uploads\\\/2021\\\/12\\\/bg-9.jpg&quot;},{&quot;id&quot;:1008,&quot;url&quot;:&quot;https:\\\/\\\/gaviaspreview.com\\\/wp\\\/paroti\\\/wp-content\\\/uploads\\\/2021\\\/10\\\/breadcrumb.jpg&quot;}],&quot;background_slideshow_ken_burns&quot;:&quot;yes&quot;,&quot;background_slideshow_loop&quot;:&quot;yes&quot;,&quot;background_slideshow_slide_duration&quot;:5000,&quot;background_slideshow_slide_transition&quot;:&quot;fade&quot;,&quot;background_slideshow_transition_duration&quot;:500,&quot;background_slideshow_ken_burns_zoom_direction&quot;:&quot;in&quot;}\">\n\t\t\t\t\t\t<div class=\"elementor-container elementor-column-gap-default\">\n\t\t\t\t\t\t\t<div class=\"elementor-row\">\n\t\t\t\t\t<div class=\"elementor-column elementor-col-100 elementor-top-column elementor-element elementor-element-4c07d09\" data-id=\"4c07d09\" data-element_type=\"column\">\n\t\t\t<div class=\"elementor-column-wrap elementor-element-populated\">\n\t\t\t\t\t\t\t<div class=\"elementor-widget-wrap\">\n\t\t\t\t\t\t<div class=\"elementor-element elementor-element-7fe2c64 elementor-widget elementor-widget-gva-heading-block\" data-id=\"7fe2c64\" data-element_type=\"widget\" data-widget_type=\"gva-heading-block.default\">\n\t\t\t\t<div class=\"elementor-widget-container\">\n\t\t\t<div class=\"gva-element-gva-heading-block gva-element\">   <div class=\"align-left style-1 widget gsc-heading box-align-left auto-responsive\">\r\n      <div class=\"content-inner\">\r\n         \r\n                  \r\n           \r\n         \r\n                     <h2 class=\"title\">\r\n               <span>\u00c9v\u00e9nements<\/span>\r\n            <\/h2>\r\n                  \r\n                     <div class=\"title-desc\">Nos prochains \u00e9v\u00e9nements<\/div>\r\n         \r\n         \r\n      <\/div>\r\n   <\/div>\r\n<\/div>\t\t<\/div>\n\t\t\t\t<\/div>\n\t\t\t\t\t\t<\/div>\n\t\t\t\t\t<\/div>\n\t\t<\/div>\n\t\t\t\t\t\t\t\t<\/div>\n\t\t\t\t\t<\/div>\n\t\t<\/section>\n\t\t\t\t<section class=\"elementor-section elementor-top-section elementor-element elementor-element-5ed2840 elementor-section-boxed elementor-section-height-default elementor-section-height-default\" data-id=\"5ed2840\" data-element_type=\"section\">\n\t\t\t\t\t\t<div class=\"elementor-container elementor-column-gap-default\">\n\t\t\t\t\t\t\t<div class=\"elementor-row\">\n\t\t\t\t\t<div class=\"elementor-column elementor-col-100 elementor-top-column elementor-element elementor-element-cb23c14\" data-id=\"cb23c14\" data-element_type=\"column\">\n\t\t\t<div class=\"elementor-column-wrap elementor-element-populated\">\n\t\t\t\t\t\t\t<div class=\"elementor-widget-wrap\">\n\t\t\t\t\t\t<div class=\"elementor-element elementor-element-e89c1af elementor-widget elementor-widget-gva-events\" data-id=\"e89c1af\" data-element_type=\"widget\" data-widget_type=\"gva-events.default\">\n\t\t\t\t<div class=\"elementor-widget-container\">\n\t\t\t<div class=\"gva-element-gva-events gva-element\">  \r\n  \t<div class=\"gva-give-form-grid clearfix grid-0jkp\">\r\n\t\t<div class=\"gva-content-items\"> \r\n\t\t  \t<div class=\"lg-block-grid-3 md-block-grid-3 sm-block-grid-2 xs-block-grid-1 xx-block-grid-1\">\r\n\t\t\t\t<div class=\"item-columns\">\n<div class=\"tribe-event-block clearfix\">\n\t\n\t<div class=\"block-content\">\n\t\t<div class=\"tribe-events-event-image\"><a href=\"https:\/\/unsourire-ong.com\/index.php\/event\/play-for-the-world-with-us\/\" tabindex=\"-1\"><img loading=\"lazy\" decoding=\"async\" width=\"600\" height=\"540\" src=\"https:\/\/unsourire-ong.com\/wp-content\/uploads\/2021\/03\/event-6-600x540.jpg\" class=\"attachment-medium size-medium wp-post-image\" alt=\"\" \/><\/a><\/div>\t\t\n\t\t<div class=\"tribe-event-content\">\n\t\t\t<div class=\"tribe-start-date\">\n\t\t\t\t09\t\t\t\tD\u00e9c\t\t\t<\/div>\n\t\t\t<div class=\"tribe-events-event-meta\">\n\t\t\t\t<span class=\"tribe-event-schedule-details\">\n\t\t\t\t\t<span class=\"icon\"><i class=\"far fa-clock\"><\/i><\/span>9 D\u00e9c, 2022 @ 8h00\t\t\t\t<\/span>\n\t\t\t<\/div>\n\t\t\t<h3 class=\"tribe-events-list-event-title event-title\">\n\t\t\t\tPlay for the world with us\t\t\t<\/h3>\n\t\t<\/div>\n\t<\/div>\n\t<a class=\"tribe-event-url\" href=\"https:\/\/unsourire-ong.com\/index.php\/event\/play-for-the-world-with-us\/\"><\/a>\n\n<\/div><\/div><div class=\"item-columns\">\n<div class=\"tribe-event-block clearfix\">\n\t\n\t<div class=\"block-content\">\n\t\t<div class=\"tribe-events-event-image\"><a href=\"https:\/\/unsourire-ong.com\/index.php\/event\/fight-for-right-cause\/\" tabindex=\"-1\"><img loading=\"lazy\" decoding=\"async\" width=\"600\" height=\"540\" src=\"https:\/\/unsourire-ong.com\/wp-content\/uploads\/2021\/03\/event-5-600x540.jpg\" class=\"attachment-medium size-medium wp-post-image\" alt=\"\" \/><\/a><\/div>\t\t\n\t\t<div class=\"tribe-event-content\">\n\t\t\t<div class=\"tribe-start-date\">\n\t\t\t\t09\t\t\t\tD\u00e9c\t\t\t<\/div>\n\t\t\t<div class=\"tribe-events-event-meta\">\n\t\t\t\t<span class=\"tribe-event-schedule-details\">\n\t\t\t\t\t<span class=\"icon\"><i class=\"far fa-clock\"><\/i><\/span>9 D\u00e9c, 2022 @ 8h00\t\t\t\t<\/span>\n\t\t\t<\/div>\n\t\t\t<h3 class=\"tribe-events-list-event-title event-title\">\n\t\t\t\tFight for right cause\t\t\t<\/h3>\n\t\t<\/div>\n\t<\/div>\n\t<a class=\"tribe-event-url\" href=\"https:\/\/unsourire-ong.com\/index.php\/event\/fight-for-right-cause\/\"><\/a>\n\n<\/div><\/div><div class=\"item-columns\">\n<div class=\"tribe-event-block clearfix\">\n\t\n\t<div class=\"block-content\">\n\t\t<div class=\"tribe-events-event-image\"><a href=\"https:\/\/unsourire-ong.com\/index.php\/event\/organise-your-fundraiser\/\" tabindex=\"-1\"><img loading=\"lazy\" decoding=\"async\" width=\"600\" height=\"540\" src=\"https:\/\/unsourire-ong.com\/wp-content\/uploads\/2021\/03\/event-2-600x540.jpg\" class=\"attachment-medium size-medium wp-post-image\" alt=\"\" \/><\/a><\/div>\t\t\n\t\t<div class=\"tribe-event-content\">\n\t\t\t<div class=\"tribe-start-date\">\n\t\t\t\t09\t\t\t\tD\u00e9c\t\t\t<\/div>\n\t\t\t<div class=\"tribe-events-event-meta\">\n\t\t\t\t<span class=\"tribe-event-schedule-details\">\n\t\t\t\t\t<span class=\"icon\"><i class=\"far fa-clock\"><\/i><\/span>9 D\u00e9c, 2022 @ 8h00\t\t\t\t<\/span>\n\t\t\t<\/div>\n\t\t\t<h3 class=\"tribe-events-list-event-title event-title\">\n\t\t\t\tOrganise your fundraiser\t\t\t<\/h3>\n\t\t<\/div>\n\t<\/div>\n\t<a class=\"tribe-event-url\" href=\"https:\/\/unsourire-ong.com\/index.php\/event\/organise-your-fundraiser\/\"><\/a>\n\n<\/div><\/div><div class=\"item-columns\">\n<div class=\"tribe-event-block clearfix\">\n\t\n\t<div class=\"block-content\">\n\t\t<div class=\"tribe-events-event-image\"><a href=\"https:\/\/unsourire-ong.com\/index.php\/event\/one-day-online-fundraiser\/\" tabindex=\"-1\"><img loading=\"lazy\" decoding=\"async\" width=\"600\" height=\"540\" src=\"https:\/\/unsourire-ong.com\/wp-content\/uploads\/2021\/03\/event-3-600x540.jpg\" class=\"attachment-medium size-medium wp-post-image\" alt=\"\" \/><\/a><\/div>\t\t\n\t\t<div class=\"tribe-event-content\">\n\t\t\t<div class=\"tribe-start-date\">\n\t\t\t\t09\t\t\t\tD\u00e9c\t\t\t<\/div>\n\t\t\t<div class=\"tribe-events-event-meta\">\n\t\t\t\t<span class=\"tribe-event-schedule-details\">\n\t\t\t\t\t<span class=\"icon\"><i class=\"far fa-clock\"><\/i><\/span>9 D\u00e9c, 2022 @ 8h00\t\t\t\t<\/span>\n\t\t\t<\/div>\n\t\t\t<h3 class=\"tribe-events-list-event-title event-title\">\n\t\t\t\tOne-Day Online Fundraiser\t\t\t<\/h3>\n\t\t<\/div>\n\t<\/div>\n\t<a class=\"tribe-event-url\" href=\"https:\/\/unsourire-ong.com\/index.php\/event\/one-day-online-fundraiser\/\"><\/a>\n\n<\/div><\/div><div class=\"item-columns\">\n<div class=\"tribe-event-block clearfix\">\n\t\n\t<div class=\"block-content\">\n\t\t<div class=\"tribe-events-event-image\"><a href=\"https:\/\/unsourire-ong.com\/index.php\/event\/fundraising-at-schools\/\" tabindex=\"-1\"><img loading=\"lazy\" decoding=\"async\" width=\"600\" height=\"540\" src=\"https:\/\/unsourire-ong.com\/wp-content\/uploads\/2021\/03\/event-1-600x540.jpg\" class=\"attachment-medium size-medium wp-post-image\" alt=\"\" \/><\/a><\/div>\t\t\n\t\t<div class=\"tribe-event-content\">\n\t\t\t<div class=\"tribe-start-date\">\n\t\t\t\t09\t\t\t\tD\u00e9c\t\t\t<\/div>\n\t\t\t<div class=\"tribe-events-event-meta\">\n\t\t\t\t<span class=\"tribe-event-schedule-details\">\n\t\t\t\t\t<span class=\"icon\"><i class=\"far fa-clock\"><\/i><\/span>9 D\u00e9c, 2022 @ 8h00\t\t\t\t<\/span>\n\t\t\t<\/div>\n\t\t\t<h3 class=\"tribe-events-list-event-title event-title\">\n\t\t\t\tFundraising at schools\t\t\t<\/h3>\n\t\t<\/div>\n\t<\/div>\n\t<a class=\"tribe-event-url\" href=\"https:\/\/unsourire-ong.com\/index.php\/event\/fundraising-at-schools\/\"><\/a>\n\n<\/div><\/div><div class=\"item-columns\">\n<div class=\"tribe-event-block clearfix\">\n\t\n\t<div class=\"block-content\">\n\t\t<div class=\"tribe-events-event-image\"><a href=\"https:\/\/unsourire-ong.com\/index.php\/event\/protect-eco-system\/\" tabindex=\"-1\"><img loading=\"lazy\" decoding=\"async\" width=\"600\" height=\"540\" src=\"https:\/\/unsourire-ong.com\/wp-content\/uploads\/2021\/03\/event-4-600x540.jpg\" class=\"attachment-medium size-medium wp-post-image\" alt=\"\" \/><\/a><\/div>\t\t\n\t\t<div class=\"tribe-event-content\">\n\t\t\t<div class=\"tribe-start-date\">\n\t\t\t\t09\t\t\t\tD\u00e9c\t\t\t<\/div>\n\t\t\t<div class=\"tribe-events-event-meta\">\n\t\t\t\t<span class=\"tribe-event-schedule-details\">\n\t\t\t\t\t<span class=\"icon\"><i class=\"far fa-clock\"><\/i><\/span>9 D\u00e9c, 2022 @ 0h00\t\t\t\t<\/span>\n\t\t\t<\/div>\n\t\t\t<h3 class=\"tribe-events-list-event-title event-title\">\n\t\t\t\tProtect eco system\t\t\t<\/h3>\n\t\t<\/div>\n\t<\/div>\n\t<a class=\"tribe-event-url\" href=\"https:\/\/unsourire-ong.com\/index.php\/event\/protect-eco-system\/\"><\/a>\n\n<\/div><\/div>\t\t  \t<\/div>\r\n\t\t<\/div>\r\n        \t<\/div>\r\n\r\n<\/div>\t\t<\/div>\n\t\t\t\t<\/div>\n\t\t\t\t\t\t<\/div>\n\t\t\t\t\t<\/div>\n\t\t<\/div>\n\t\t\t\t\t\t\t\t<\/div>\n\t\t\t\t\t<\/div>\n\t\t<\/section>\n\t\t\t\t\t\t\t\t\t<\/div>\n\t\t\t<\/div>\n\t\t\t\t\t<\/div>\n\t\t","protected":false},"excerpt":{"rendered":"<p>\u00c9v\u00e9nements Nos prochains \u00e9v\u00e9nements 09 D\u00e9c 9 D\u00e9c, 2022 @ 8h00 Play for the world with us 09 D\u00e9c 9 D\u00e9c, 2022 @ 8h00 Fight for right cause 09 D\u00e9c [&hellip;]<\/p>\n","protected":false},"author":1,"featured_media":0,"parent":0,"menu_order":0,"comment_status":"closed","ping_status":"closed","template":"","meta":{"content-type":"","footnotes":""},"class_list":["post-33","page","type-page","status-publish","hentry","cat_seminars"],"yoast_head":"<!-- This site is optimized with the Yoast SEO plugin v21.2 - https:\/\/yoast.com\/wordpress\/plugins\/seo\/ -->\n<title>Events Page - unsourire-ong<\/title>\n<meta name=\"robots\" content=\"index, follow, max-snippet:-1, max-image-preview:large, max-video-preview:-1\" \/>\n<link rel=\"canonical\" href=\"https:\/\/unsourire-ong.com\/index.php\/events-page\/\" \/>\n<meta property=\"og:locale\" content=\"fr_FR\" \/>\n<meta property=\"og:type\" content=\"article\" \/>\n<meta property=\"og:title\" content=\"Events Page - unsourire-ong\" \/>\n<meta property=\"og:description\" content=\"\u00c9v\u00e9nements Nos prochains \u00e9v\u00e9nements 09 D\u00e9c 9 D\u00e9c, 2022 @ 8h00 Play for the world with us 09 D\u00e9c 9 D\u00e9c, 2022 @ 8h00 Fight for right cause 09 D\u00e9c [&hellip;]\" \/>\n<meta property=\"og:url\" content=\"https:\/\/unsourire-ong.com\/index.php\/events-page\/\" \/>\n<meta property=\"og:site_name\" content=\"unsourire-ong\" \/>\n<meta property=\"article:modified_time\" content=\"2023-09-30T12:28:06+00:00\" \/>\n<meta property=\"og:image\" content=\"http:\/\/unsourire-ong.com\/wp-content\/uploads\/2021\/03\/event-6-600x540.jpg\" \/>\n<meta name=\"twitter:card\" content=\"summary_large_image\" \/>\n<meta name=\"twitter:label1\" content=\"Dur\u00e9e de lecture estim\u00e9e\" \/>\n\t<meta name=\"twitter:data1\" content=\"2 minutes\" \/>\n<script type=\"application\/ld+json\" class=\"yoast-schema-graph\">{\"@context\":\"https:\/\/schema.org\",\"@graph\":[{\"@type\":\"WebPage\",\"@id\":\"https:\/\/unsourire-ong.com\/index.php\/events-page\/\",\"url\":\"https:\/\/unsourire-ong.com\/index.php\/events-page\/\",\"name\":\"Events Page - unsourire-ong\",\"isPartOf\":{\"@id\":\"https:\/\/unsourire-ong.com\/#website\"},\"datePublished\":\"2020-12-08T04:14:02+00:00\",\"dateModified\":\"2023-09-30T12:28:06+00:00\",\"breadcrumb\":{\"@id\":\"https:\/\/unsourire-ong.com\/index.php\/events-page\/#breadcrumb\"},\"inLanguage\":\"fr-FR\",\"potentialAction\":[{\"@type\":\"ReadAction\",\"target\":[\"https:\/\/unsourire-ong.com\/index.php\/events-page\/\"]}]},{\"@type\":\"BreadcrumbList\",\"@id\":\"https:\/\/unsourire-ong.com\/index.php\/events-page\/#breadcrumb\",\"itemListElement\":[{\"@type\":\"ListItem\",\"position\":1,\"name\":\"Accueil\",\"item\":\"https:\/\/unsourire-ong.com\/\"},{\"@type\":\"ListItem\",\"position\":2,\"name\":\"Events Page\"}]},{\"@type\":\"WebSite\",\"@id\":\"https:\/\/unsourire-ong.com\/#website\",\"url\":\"https:\/\/unsourire-ong.com\/\",\"name\":\"unsourire-ong\",\"description\":\"Association Humanitaire\",\"publisher\":{\"@id\":\"https:\/\/unsourire-ong.com\/#organization\"},\"potentialAction\":[{\"@type\":\"SearchAction\",\"target\":{\"@type\":\"EntryPoint\",\"urlTemplate\":\"https:\/\/unsourire-ong.com\/?s={search_term_string}\"},\"query-input\":\"required name=search_term_string\"}],\"inLanguage\":\"fr-FR\"},{\"@type\":\"Organization\",\"@id\":\"https:\/\/unsourire-ong.com\/#organization\",\"name\":\"unsourire-ong\",\"url\":\"https:\/\/unsourire-ong.com\/\",\"logo\":{\"@type\":\"ImageObject\",\"inLanguage\":\"fr-FR\",\"@id\":\"https:\/\/unsourire-ong.com\/#\/schema\/logo\/image\/\",\"url\":\"https:\/\/unsourire-ong.com\/wp-content\/uploads\/2023\/09\/Fichier-86.svg\",\"contentUrl\":\"https:\/\/unsourire-ong.com\/wp-content\/uploads\/2023\/09\/Fichier-86.svg\",\"width\":266,\"height\":90,\"caption\":\"unsourire-ong\"},\"image\":{\"@id\":\"https:\/\/unsourire-ong.com\/#\/schema\/logo\/image\/\"}}]}<\/script>\n<!-- \/ Yoast SEO plugin. -->","yoast_head_json":{"title":"Events Page - unsourire-ong","robots":{"index":"index","follow":"follow","max-snippet":"max-snippet:-1","max-image-preview":"max-image-preview:large","max-video-preview":"max-video-preview:-1"},"canonical":"https:\/\/unsourire-ong.com\/index.php\/events-page\/","og_locale":"fr_FR","og_type":"article","og_title":"Events Page - unsourire-ong","og_description":"\u00c9v\u00e9nements Nos prochains \u00e9v\u00e9nements 09 D\u00e9c 9 D\u00e9c, 2022 @ 8h00 Play for the world with us 09 D\u00e9c 9 D\u00e9c, 2022 @ 8h00 Fight for right cause 09 D\u00e9c [&hellip;]","og_url":"https:\/\/unsourire-ong.com\/index.php\/events-page\/","og_site_name":"unsourire-ong","article_modified_time":"2023-09-30T12:28:06+00:00","og_image":[{"url":"http:\/\/unsourire-ong.com\/wp-content\/uploads\/2021\/03\/event-6-600x540.jpg"}],"twitter_card":"summary_large_image","twitter_misc":{"Dur\u00e9e de lecture estim\u00e9e":"2 minutes"},"schema":{"@context":"https:\/\/schema.org","@graph":[{"@type":"WebPage","@id":"https:\/\/unsourire-ong.com\/index.php\/events-page\/","url":"https:\/\/unsourire-ong.com\/index.php\/events-page\/","name":"Events Page - unsourire-ong","isPartOf":{"@id":"https:\/\/unsourire-ong.com\/#website"},"datePublished":"2020-12-08T04:14:02+00:00","dateModified":"2023-09-30T12:28:06+00:00","breadcrumb":{"@id":"https:\/\/unsourire-ong.com\/index.php\/events-page\/#breadcrumb"},"inLanguage":"fr-FR","potentialAction":[{"@type":"ReadAction","target":["https:\/\/unsourire-ong.com\/index.php\/events-page\/"]}]},{"@type":"BreadcrumbList","@id":"https:\/\/unsourire-ong.com\/index.php\/events-page\/#breadcrumb","itemListElement":[{"@type":"ListItem","position":1,"name":"Accueil","item":"https:\/\/unsourire-ong.com\/"},{"@type":"ListItem","position":2,"name":"Events Page"}]},{"@type":"WebSite","@id":"https:\/\/unsourire-ong.com\/#website","url":"https:\/\/unsourire-ong.com\/","name":"unsourire-ong","description":"Association Humanitaire","publisher":{"@id":"https:\/\/unsourire-ong.com\/#organization"},"potentialAction":[{"@type":"SearchAction","target":{"@type":"EntryPoint","urlTemplate":"https:\/\/unsourire-ong.com\/?s={search_term_string}"},"query-input":"required name=search_term_string"}],"inLanguage":"fr-FR"},{"@type":"Organization","@id":"https:\/\/unsourire-ong.com\/#organization","name":"unsourire-ong","url":"https:\/\/unsourire-ong.com\/","logo":{"@type":"ImageObject","inLanguage":"fr-FR","@id":"https:\/\/unsourire-ong.com\/#\/schema\/logo\/image\/","url":"https:\/\/unsourire-ong.com\/wp-content\/uploads\/2023\/09\/Fichier-86.svg","contentUrl":"https:\/\/unsourire-ong.com\/wp-content\/uploads\/2023\/09\/Fichier-86.svg","width":266,"height":90,"caption":"unsourire-ong"},"image":{"@id":"https:\/\/unsourire-ong.com\/#\/schema\/logo\/image\/"}}]}},"_links":{"self":[{"href":"https:\/\/unsourire-ong.com\/index.php\/wp-json\/wp\/v2\/pages\/33","targetHints":{"allow":["GET"]}}],"collection":[{"href":"https:\/\/unsourire-ong.com\/index.php\/wp-json\/wp\/v2\/pages"}],"about":[{"href":"https:\/\/unsourire-ong.com\/index.php\/wp-json\/wp\/v2\/types\/page"}],"author":[{"embeddable":true,"href":"https:\/\/unsourire-ong.com\/index.php\/wp-json\/wp\/v2\/users\/1"}],"replies":[{"embeddable":true,"href":"https:\/\/unsourire-ong.com\/index.php\/wp-json\/wp\/v2\/comments?post=33"}],"version-history":[{"count":6,"href":"https:\/\/unsourire-ong.com\/index.php\/wp-json\/wp\/v2\/pages\/33\/revisions"}],"predecessor-version":[{"id":2545,"href":"https:\/\/unsourire-ong.com\/index.php\/wp-json\/wp\/v2\/pages\/33\/revisions\/2545"}],"wp:attachment":[{"href":"https:\/\/unsourire-ong.com\/index.php\/wp-json\/wp\/v2\/media?parent=33"}],"curies":[{"name":"wp","href":"https:\/\/api.w.org\/{rel}","templated":true}]}}